{"id":1677,"date":"2014-05-04T10:26:37","date_gmt":"2014-05-04T08:26:37","guid":{"rendered":"http:\/\/www.veb-schwarzdruck.de\/?page_id=1677"},"modified":"2019-02-18T20:41:19","modified_gmt":"2019-02-18T18:41:19","slug":"impressum","status":"publish","type":"page","link":"http:\/\/www.edition-schwarzdruck.de\/?page_id=1677","title":{"rendered":"Impressum\/AGB"},"content":{"rendered":"<div class=\"krown-tabs horizontal clearfix\"><ul class=\"titles clearfix autop\"> <li class=\"opened\"><h5>Impressum<\/h5><\/li><\/p>\n<p><li><h5>Datenschutz<\/h5><\/li><li><h5>Allgemeine Gesch\u00e4ftsbedingungen<\/h5><\/li> <\/ul><div class=\"contents clearfix autop\"><div> Verantwortlich f\u00fcr den Inhalt dieser Webseite ist Marc Berger, Mauerstr. 4a, 16775 Gransee, marcber(et)schwarzdruck.de, Fernsprechanschlu\u00df\u00a00 33 06 &#8211; 2 98 04 37.<\/p>\n<p>&nbsp;<\/p>\n<p><strong>Rechtliche Hinweise zur Webseite<\/strong><\/p>\n<p>Alle Texte, Bilder und weiter hier ver\u00f6ffentlichten Informationen unterliegen dem Urheberrecht des Anbieters, soweit nicht Urheberrechte Dritter bestehen. In jedem Fall ist eine Vervielf\u00e4ltigung, Verbreitung oder \u00f6ffentliche Wiedergabe ausschlie\u00dflich im Falle einer widerruflichen und nicht \u00fcbertragbaren Zustimmung des Anbieters gestattet.<\/p>\n<p>F\u00fcr alle mittels Querverweis (Link) verbundenen Webinhalte \u00fcbernimmt der Anbieter keine Verantwortung, da es sich hierbei nicht um eigene Inhalte handelt. Die verlinkten Seiten wurden auf rechtswidrige Inhalte \u00fcberpr\u00fcft, zum Zeitpunkt der Verlinkung waren solche nicht erkennbar. Verantwortlich f\u00fcr den Inhalt der verlinkten Seiten ist deren Betreiber. Der Anbieter hat hierzu keine allgemeine \u00dcberwachungs- und Pr\u00fcfungspflicht. Bei Bekanntwerden einer Rechtsverletzung wird der entsprechende Link jedoch umgehend entfernt.<\/p>\n<p>Bei Problemen in Zusammenhang mit einer Bestellung erreichen Sie uns am besten \u00fcber unsere E-Mail-Adresse:\u00a0marcberger(\u00e4t)schwarzdruck.de<br \/>\nDie Europ\u00e4ische Kommission stellt eine Plattform zur Online-Streitbeilegung (OS) bereit, die Sie hier finden:\u00a0<a href=\"http:\/\/ec.europa.eu\/consumers\/odr\">http:\/\/ec.europa.eu\/consumers\/odr<\/a><\/p>\n<p><\/div><div> Wir verwenden personenbezogene Daten lediglich zur Rechnungsstellung und zum Versand von Bestellungen. Wenn Sie diesbez\u00fcglich irgendwelche Fragen oder Beanstandungen haben, setzen Sie sich bitte mit uns in Verbindung.<\/p>\n<p>&nbsp;<\/p>\n<h4 class=\"title\">Datenschutzerkl\u00e4rung<\/h4>\n<p><strong>Erfassung allgemeiner Informationen<\/strong><br \/>\nWenn Sie auf unsere Webseite zugreifen, werden automatisch Informationen allgemeiner Natur erfasst. Diese Informationen (Server-Logfiles) beinhalten etwa die Art des Webbrowsers, das verwendete Betriebssystem, den Domainnamen Ihres Internet Service Providers und \u00c4hnliches. Hierbei handelt es sich ausschlie\u00dflich um Informationen, welche keine R\u00fcckschl\u00fcsse auf Ihre Person zulassen. Diese Informationen sind technisch notwendig, um von Ihnen angeforderte Inhalte von Webseiten korrekt auszuliefern und fallen bei Nutzung des Internets zwingend an. Anonyme Informationen dieser Art werden von uns statistisch ausgewertet, um unseren Internetauftritt und die dahinterstehende Technik zu optimieren.<\/p>\n<p><strong>Cookies<\/strong><br \/>\nWie viele andere Webseiten verwenden wir auch so genannte \u201eCookies\u201c. Cookies sind kleine Textdateien, die von einem Webseitenserver auf Ihre Festplatte \u00fcbertragen werden. Hierdurch erhalten wir automatisch bestimmte Daten wie z. B. IP-Adresse, verwendeter Browser, Betriebssystem \u00fcber Ihren Computer und Ihre Verbindung zum Internet.<br \/>\nCookies k\u00f6nnen nicht verwendet werden, um Programme zu starten oder Viren auf einen Computer zu \u00fcbertragen. Anhand der in Cookies enthaltenen Informationen k\u00f6nnen wir Ihnen die Navigation erleichtern und die korrekte Anzeige unserer Webseiten erm\u00f6glichen.<br \/>\nIn keinem Fall werden die von uns erfassten Daten an Dritte weitergegeben oder ohne Ihre Einwilligung eine Verkn\u00fcpfung mit personenbezogenen Daten hergestellt.<br \/>\nNat\u00fcrlich k\u00f6nnen Sie unsere Website grunds\u00e4tzlich auch ohne Cookies betrachten. Internet-Browser sind regelm\u00e4\u00dfig so eingestellt, dass sie Cookies akzeptieren. Sie k\u00f6nnen die Verwendung von Cookies jederzeit \u00fcber die Einstellungen Ihres Browsers deaktivieren. Bitte verwenden Sie die Hilfefunktionen Ihres Internetbrowsers, um zu erfahren, wie Sie diese Einstellungen \u00e4ndern k\u00f6nnen. Bitte beachten Sie, dass einzelne Funktionen unserer Website m\u00f6glicherweise nicht funktionieren, wenn Sie die Verwendung von Cookies deaktiviert haben.<\/p>\n<p><strong>SSL-Verschl\u00fcsselung<\/strong><br \/>\nUm die Sicherheit Ihrer Daten bei der \u00dcbertragung zu sch\u00fctzen, verwenden wir dem aktuellen Stand der Technik entsprechende Verschl\u00fcsselungsverfahren (z. B. SSL) \u00fcber HTTPS.<\/p>\n<p><strong>L\u00f6schung bzw. Sperrung der Daten<\/strong><br \/>\nWir halten uns an die Grunds\u00e4tze der Datenvermeidung und Datensparsamkeit. Wir speichern Ihre personenbezogenen Daten daher nur so lange, wie dies zur Erreichung der hier genannten Zwecke erforderlich ist oder wie es die vom Gesetzgeber vorgesehenen vielf\u00e4ltigen Speicherfristen vorsehen. Nach Fortfall des jeweiligen Zweckes bzw. Ablauf dieser Fristen werden die entsprechenden Daten routinem\u00e4\u00dfig und entsprechend den gesetzlichen Vorschriften gesperrt oder gel\u00f6scht.<\/p>\n<p><strong>Verwendung von Google Analytics<\/strong><br \/>\nDiese Webseite benutzt Google Analytics, einen Webanalysedienst der Google Inc. (folgend: Google). Google Analytics verwendet sog. \u201eCookies\u201c, also Textdateien, die auf Ihrem Computer gespeichert werden und die eine Analyse der Benutzung der Webseite durch Sie erm\u00f6glichen. Die durch das Cookie erzeugten Informationen \u00fcber Ihre Benutzung dieser Webseite werden in der Regel an einen Server von Google in den USA \u00fcbertragen und dort gespeichert. Aufgrund der Aktivierung der IP-Anonymisierung auf diesen Webseiten, wird Ihre IP-Adresse von Google jedoch innerhalb von Mitgliedstaaten der Europ\u00e4ischen Union oder in anderen Vertragsstaaten des Abkommens \u00fcber den Europ\u00e4ischen Wirtschaftsraum zuvor gek\u00fcrzt. Nur in Ausnahmef\u00e4llen wird die volle IP-Adresse an einen Server von Google in den USA \u00fcbertragen und dort gek\u00fcrzt. Im Auftrag des Betreibers dieser Webseite wird Google diese Informationen benutzen, um Ihre Nutzung der Webseite auszuwerten, um Reports \u00fcber die Webseitenaktivit\u00e4ten zusammenzustellen und um weitere mit der Webseitennutzung und der Internetnutzung verbundene Dienstleistungen gegen\u00fcber dem Webseitenbetreiber zu erbringen. Die im Rahmen von Google Analytics von Ihrem Browser \u00fcbermittelte IP-Adresse wird nicht mit anderen Daten von Google zusammengef\u00fchrt.<br \/>\nSie k\u00f6nnen die Speicherung der Cookies durch eine entsprechende Einstellung Ihrer Browser-Software verhindern; wir weisen Sie jedoch darauf hin, dass Sie in diesem Fall gegebenenfalls nicht s\u00e4mtliche Funktionen dieser Webseite vollumf\u00e4nglich werden nutzen k\u00f6nnen. Sie k\u00f6nnen dar\u00fcber hinaus die Erfassung der durch das Cookie erzeugten und auf Ihre Nutzung der Webseite bezogenen Daten (inkl. Ihrer IP-Adresse) an Google sowie die Verarbeitung dieser Daten durch Google verhindern, indem sie das unter dem folgenden Link verf\u00fcgbare Browser-Plugin herunterladen und installieren: <a href=\"http:\/\/tools.google.com\/dlpage\/gaoptout?hl=de\">Browser-Add-on zur Deaktivierung von Google Analytics<\/a>.<\/p>\n<p><strong>Verwendung von Scriptbibliotheken (Google Webfonts)<\/strong><br \/>\nUm unsere Inhalte browser\u00fcbergreifend korrekt und grafisch ansprechend darzustellen, verwenden wir auf dieser Website Scriptbibliotheken und Schriftbibliotheken wie z. B. Google Webfonts (<a href=\"http:\/\/www.google.com\/webfonts\/\">https:\/\/www.google.com\/webfonts\/<\/a>). Google Webfonts werden zur Vermeidung mehrfachen Ladens in den Cache Ihres Browsers \u00fcbertragen. Falls der Browser die Google Webfonts nicht unterst\u00fctzt oder den Zugriff unterbindet, werden Inhalte in einer Standardschrift angezeigt.<br \/>\nDer Aufruf von Scriptbibliotheken oder Schriftbibliotheken l\u00f6st automatisch eine Verbindung zum Betreiber der Bibliothek aus. Dabei ist es theoretisch m\u00f6glich \u2013 aktuell allerdings auch unklar ob und ggf. zu welchen Zwecken \u2013 dass Betreiber entsprechender Bibliotheken Daten erheben.<br \/>\nDie Datenschutzrichtlinie des Bibliothekbetreibers Google finden Sie hier: <a href=\"https:\/\/www.google.com\/policies\/privacy\/\">https:\/\/www.google.com\/policies\/privacy\/<\/a><\/p>\n<p><strong>Verwendung von Google Maps<\/strong><br \/>\nDiese Webseite verwendet Google Maps API, um geographische Informationen visuell darzustellen. Bei der Nutzung von Google Maps werden von Google auch Daten \u00fcber die Nutzung der Kartenfunktionen durch Besucher erhoben, verarbeitet und genutzt. N\u00e4here Informationen \u00fcber die Datenverarbeitung durch Google k\u00f6nnen Sie <a href=\"http:\/\/www.google.com\/privacypolicy.html\">den Google-Datenschutzhinweisen<\/a> entnehmen. Dort k\u00f6nnen Sie im Datenschutzcenter auch Ihre pers\u00f6nlichen Datenschutz-Einstellungen ver\u00e4ndern.<br \/>\nAusf\u00fchrliche Anleitungen zur Verwaltung der eigenen Daten im Zusammenhang mit Google-Produkten<a href=\"http:\/\/www.dataliberation.org\/\"> finden Sie hier<\/a>.<\/p>\n<p><strong>Eingebettete YouTube-Videos<\/strong><br \/>\nAuf einigen unserer Webseiten betten wir Youtube-Videos ein. Betreiber der entsprechenden Plugins ist die YouTube, LLC, 901 Cherry Ave., San Bruno, CA 94066, USA. Wenn Sie eine Seite mit dem YouTube-Plugin besuchen, wird eine Verbindung zu Servern von Youtube hergestellt. Dabei wird Youtube mitgeteilt, welche Seiten Sie besuchen. Wenn Sie in Ihrem Youtube-Account eingeloggt sind, kann Youtube Ihr Surfverhalten Ihnen pers\u00f6nlich zuzuordnen. Dies verhindern Sie, indem Sie sich vorher aus Ihrem Youtube-Account ausloggen.<br \/>\nWird ein Youtube-Video gestartet, setzt der Anbieter Cookies ein, die Hinweise \u00fcber das Nutzerverhalten sammeln.<br \/>\nWer das Speichern von Cookies f\u00fcr das Google-Ad-Programm deaktiviert hat, wird auch beim Anschauen von Youtube-Videos mit keinen solchen Cookies rechnen m\u00fcssen. Youtube legt aber auch in anderen Cookies nicht-personenbezogene Nutzungsinformationen ab. M\u00f6chten Sie dies verhindern, so m\u00fcssen Sie das Speichern von Cookies im Browser blockieren.<br \/>\nWeitere Informationen zum Datenschutz bei \u201eYoutube\u201c finden Sie in der Datenschutzerkl\u00e4rung des Anbieters unter: <a href=\"https:\/\/www.google.de\/intl\/de\/policies\/privacy\/\">https:\/\/www.google.de\/intl\/de\/policies\/privacy\/ <\/a><\/p>\n<p><strong>Ihre Rechte auf Auskunft, Berichtigung, Sperre, L\u00f6schung und Widerspruch<\/strong><br \/>\nSie haben das Recht, jederzeit Auskunft \u00fcber Ihre bei uns gespeicherten personenbezogenen Daten zu erhalten. Ebenso haben Sie das Recht auf Berichtigung, Sperrung oder, abgesehen von der vorgeschriebenen Datenspeicherung zur Gesch\u00e4ftsabwicklung, L\u00f6schung Ihrer personenbezogenen Daten.<br \/>\nDamit eine Sperre von Daten jederzeit ber\u00fccksichtigt werden kann, m\u00fcssen diese Daten zu Kontrollzwecken in einer Sperrdatei vorgehalten werden. Sie k\u00f6nnen auch die L\u00f6schung der Daten verlangen, soweit keine gesetzliche Archivierungsverpflichtung besteht. Soweit eine solche Verpflichtung besteht, sperren wir Ihre Daten auf Wunsch.<br \/>\nSie k\u00f6nnen \u00c4nderungen oder den Widerruf einer Einwilligung durch entsprechende Mitteilung an uns mit Wirkung f\u00fcr die Zukunft vornehmen.<\/p>\n<p><strong>\u00c4nderung unserer Datenschutzbestimmungen<\/strong><br \/>\nWir behalten uns vor, diese Datenschutzerkl\u00e4rung gelegentlich anzupassen, damit sie stets den aktuellen rechtlichen Anforderungen entspricht oder um \u00c4nderungen unserer Leistungen in der Datenschutzerkl\u00e4rung umzusetzen, z. B. bei der Einf\u00fchrung neuer Services. F\u00fcr Ihren erneuten Besuch gilt dann die neue Datenschutzerkl\u00e4rung.<\/p>\n<p><em>Die Datenschutzerkl\u00e4rung wurde mit dem <\/em><a href=\"https:\/\/www.activemind.de\/datenschutz\/datenschutzhinweis-generator\/\" target=\"_blank\" rel=\"noopener\"><em>Datenschutzerkl\u00e4rungs-Generator der activeMind AG erstellt<\/em><\/a><em>.<\/em><\/p>\n<p><\/div><div> Allgemeine Gesch\u00e4ftsbedingungen<br \/>\n<strong>1. Bestellung <\/strong><br \/>\nSie k\u00f6nnen Ihre Bestellung per Telefon (Anrufbeantworter), per E-Mail oder in unserem Webshop aufgeben. F\u00fcr alle Arten der Auftragserteilung gelten die im folgenden aufgef\u00fchrten Vertragsbedingungen.<br \/>\n<strong>2. Preise und Lieferbedingungen<\/strong><br \/>\nMit dem Erscheinen einer neuen Preisliste verlieren alle fr\u00fcheren Preise ihre G\u00fcltigkeit. Die Preise gelten bis zum Erscheinen der n\u00e4chsten Preisliste. F\u00fcr Druckfehler bei den Preisangaben \u00fcbernehmen wir keine Haftung. Die angegebenen Preise beinhalten f\u00fcr Lieferungen in die Bundesrepublik Deutschland die derzeit g\u00fcltige Mehrwertsteuer. F\u00fcr Lieferungen in L\u00e4nder der Europ\u00e4ischen Union gilt die derzeit g\u00fcltige Mehrwertsteuer der Bundesrepublik Deutschland. Bei Bestellungen aus L\u00e4ndern, die nicht zur EU geh\u00f6ren, werden die Preise um die enthaltene deutsche Mehrwertsteuer gek\u00fcrzt. Bestellungen aus dem Ausland f\u00fchren wir nur gegen Vorkasse aus. Bitte warten Sie auf meine Vorausrechnung.<br \/>\n<strong>3. Versandkosten\/Zahlungsbedingungen <\/strong><br \/>\nF\u00fcr B\u00fcchersendungen ab einem Verkaufswert von 20 Euro innerhalb Deutschlands gilt ein Versandkostenanteil von 4,- Euro, f\u00fcr Paketsendungen 10.- Euro. F\u00fcr Lieferungen innerhalb Europas berechnen wir 20,- Euro. Bei \u00fcber die Norm hinausgehendem Gewicht oder Gr\u00f6\u00dfe werden die anfallenden Mehrkosten in Rechnung gestellt. Zahlen Sie bitte innerhalb von 14 Tagen nach Erhalt der Rechnung. Danach sind wir berechtigt, f\u00fcr die erste Mahnung 3,- Euro und f\u00fcr jede weitere 4,- Euro, sowie 1% Zinsen pro Monat zu berechnen. An Neukunden werden Auftr\u00e4ge \u00fcber 100,- Euro Bestellwert nur nach Vorauszahlung get\u00e4tigt. Wir behalten uns aber vor, auch in anderen F\u00e4llen Vorauszahlungen zu verlangen. Bis zur vollst\u00e4ndigen Bezahlung bleiben die gelieferten Waren unser Eigentum. 4. Lieferzeit Wir liefern auf dem schnellsten Weg per Post oder Paketdienst \u2013 in der Regel innerhalb weniger Tage. Wenn wir unterwegs sind (Urlaub, Messen etc) kann es auch zu einigen Tagen Verz\u00f6gerung kommen.<br \/>\n<strong>5. Widerruf der Bestellung <\/strong><br \/>\nSie k\u00f6nnen Ihre Vertragserkl\u00e4rung innerhalb von zwei Wochen ohne Angabe von Gr\u00fcnden in Textform (Brief oder E-Mail) oder durch R\u00fccksendung der bestellten Ware widerrufen. Die Frist beginnt fr\u00fchestens mit Erhalt der Rechnung. Zur Wahrung der Widerrufsfrist gen\u00fcgt die rechtzeitige Absendung des Widerrufs oder der bestellten Ware. Der Widerruf ist zu richten an: Marc Berger, Mauerstra\u00dfe 4a, 16775 Gransee, marcberger@schwarzdruck.de Widerrufsfolgen: Im Falle eines wirksamen Widerrufs sind beiderseits empfangene Leistungen zur\u00fcckzugew\u00e4hren und ggf. gezogene Nutzungen herauszugeben. K\u00f6nnen Sie mir die empfangenen Leistungen ganz oder teilweise nicht oder nur in verschlechtertem Zustand zur\u00fcckgew\u00e4hren, m\u00fcssen Sie mir insoweit ggf. Wertersatz leisten. Bei der \u00dcberlassung von Sachen gilt dies nicht, wenn die Verschlechterung der Sache ausschlie\u00dflich auf deren Pr\u00fcfung zur\u00fcckzuf\u00fchren ist. Sie k\u00f6nnen die Wertersatzpflicht vermeiden, indem Sie die Sache nicht wie ein Eigent\u00fcmer in Gebrauch nehmen und alles unterlassen, was deren Wert beeintr\u00e4chtigt. Bei einer R\u00fccksendung aus einer Warenlieferung, deren Bestellwert insgesamt bis zu 100,- Euro betr\u00e4gt, haben Sie die Kosten der R\u00fccksendung zu tragen, wenn die gelieferte Ware der bestellten entspricht. Bei einem h\u00f6heren Bestellwert erstatten wir die Kosten der freigemachten R\u00fccksendung.<br \/>\n<strong>6. M\u00e4ngelhaftung <\/strong><br \/>\nWeil unsere Produkte keine Massenartikel sind, k\u00f6nnen leichte Abweichungen von Abbildungen (Katalog\/Internet) und technischen Angaben vorkommen. Solche Abweichungen stellen daher keinen Mangel der Kaufsache dar. Liegt ein von uns zu vertretender Mangel der Kaufsache vor, kann Nacherf\u00fcllung (M\u00e4ngelbeseitigung oder Ersatzlieferung) verlangt werden. Sind wir zur Nacherf\u00fcllung nicht in der Lage oder nicht bereit oder verz\u00f6gert sich diese \u00fcber eine angemessene Frist hinaus aus Gr\u00fcnden, die ich zu vertreten habe, oder schl\u00e4gt in sonstiger Weise die Nacherf\u00fcllung fehl, sind Sie nach Ihrer Wahl berechtigt, eine entsprechende Minderung des Kaufpreises zu verlangen oder vom Vertrag zur\u00fcckzutreten und Schadenersatz zu verlangen. Soweit sich nachstehend nichts anderes ergibt, sind weitergehende Anspr\u00fcche des Bestellers \u2013 gleich aus welchen Rechtsgr\u00fcnden \u2013 ausgeschlossen. Ich hafte deshalb nicht f\u00fcr Sch\u00e4den, die nicht am Liefergegenstand selbst entstanden sind; insbesondere haften wir nicht f\u00fcr entgangenen Gewinn oder f\u00fcr sonstige Verm\u00f6genssch\u00e4den, die Ihnen entstehen. Die Haftungsbeschr\u00e4nkung gilt nicht, wenn Sie Anspr\u00fcche aus \u00a7 1.4 Produkthaftungsgesetz geltend machen. Sofern wir fahrl\u00e4ssig eine vertragswesentliche Pflicht verletze, ist die Ersatzpflicht f\u00fcr Sachsch\u00e4den auf den typischerweise entstehenden Schaden beschr\u00e4nkt.<br \/>\n<strong>7. Datenschutz <\/strong><br \/>\nZur Bearbeitung Ihres Auftrags wird Ihre Adresse mit den auftragsbezogenen Daten gespeichert. Wir verpflichten uns selbstverst\u00e4ndlich zu einem umfassenden Schutz Ihrer pers\u00f6nlichen Daten nach den Bestimmungen des Bundesdatenschutzgesetzes. Ihre Adre\u00dfdaten werden nicht an Dritte weitergegeben.<br \/>\n<strong>8. Erf\u00fcllungsort und Gerichtsstand <\/strong><br \/>\nMein Angebot ist freibleibend und gilt nur innerhalb der Bundesrepublik Deutschland. Die mit uns geschlossenen Liefervertr\u00e4ge unterliegen in allen F\u00e4llen, auch bei Auslandsber\u00fchrung, d.h. Bestellungen und\/oder Lieferung in das Ausland, dem deutschen Recht. Der Gerichtsstand ist Gransee (bzw. Zehdenick).<br \/>\n<strong>9. Sonstiges Haftungsauschlu\u00df <\/strong><br \/>\nWir haben auf unseren Seiten Links zu Internetseiten angelegt, deren Inhalt und Aktualisierung nicht unserem Einflu\u00df unterliegen. Trotz sorgf\u00e4ltiger inhaltlicher Kontrolle \u00fcbernehmen wir keine Haftung f\u00fcr die Inhalte externer Links. F\u00fcr den Inhalt der verlinkten Seiten sind ausschlie\u00dflich deren Betreiber verantwortlich. Edition Schwarzdruck Marc Berger Mauerstr. 4a 16775 Gransee <\/div><\/div><\/div>\n","protected":false},"excerpt":{"rendered":"","protected":false},"author":1,"featured_media":0,"parent":0,"menu_order":0,"comment_status":"closed","ping_status":"closed","template":"","meta":[],"_links":{"self":[{"href":"http:\/\/www.edition-schwarzdruck.de\/index.php?rest_route=\/wp\/v2\/pages\/1677"}],"collection":[{"href":"http:\/\/www.edition-schwarzdruck.de\/index.php?rest_route=\/wp\/v2\/pages"}],"about":[{"href":"http:\/\/www.edition-schwarzdruck.de\/index.php?rest_route=\/wp\/v2\/types\/page"}],"author":[{"embeddable":true,"href":"http:\/\/www.edition-schwarzdruck.de\/index.php?rest_route=\/wp\/v2\/users\/1"}],"replies":[{"embeddable":true,"href":"http:\/\/www.edition-schwarzdruck.de\/index.php?rest_route=%2Fwp%2Fv2%2Fcomments&post=1677"}],"version-history":[{"count":9,"href":"http:\/\/www.edition-schwarzdruck.de\/index.php?rest_route=\/wp\/v2\/pages\/1677\/revisions"}],"predecessor-version":[{"id":4344,"href":"http:\/\/www.edition-schwarzdruck.de\/index.php?rest_route=\/wp\/v2\/pages\/1677\/revisions\/4344"}],"wp:attachment":[{"href":"http:\/\/www.edition-schwarzdruck.de\/index.php?rest_route=%2Fwp%2Fv2%2Fmedia&parent=1677"}],"curies":[{"name":"wp","href":"https:\/\/api.w.org\/{rel}","templated":true}]}}